{"id":28868,"date":"2022-02-19T15:27:51","date_gmt":"2022-02-19T14:27:51","guid":{"rendered":"https:\/\/helvethica.ch\/?page_id=28868"},"modified":"2023-08-22T13:50:55","modified_gmt":"2023-08-22T11:50:55","slug":"devenir-membre","status":"publish","type":"page","link":"https:\/\/helvethica.ch\/it\/devenir-membre\/","title":{"rendered":"Perch\u00e9 aderire a HelvEthica Ticino?"},"content":{"rendered":"<div class=\"wp-block-group\"><div class=\"wp-block-group__inner-container is-layout-flow wp-block-group-is-layout-flow\">\n<h1 class=\"wp-block-heading\" id=\"un-mouvement-politique-sans-membres-ne-sert-a-rien\">Un movimento politico senza membri non serve a nulla.<\/h1>\n\n\n\n<p><strong>Abbiamo bisogno del sostegno di persone che condividano i nostri valori per formare una massa critica sufficiente a farci sentire e rispettare, per realizzare cambiamenti significativi e degni di essere tali...<\/strong><\/p>\n<\/div><\/div>\n\n\n\n<div class=\"wp-block-group\"><div class=\"wp-block-group__inner-container is-layout-flow wp-block-group-is-layout-flow\">\n<div class=\"wp-block-columns is-layout-flex wp-container-core-columns-is-layout-9d6595d7 wp-block-columns-is-layout-flex\">\n<div class=\"wp-block-column is-layout-flow wp-block-column-is-layout-flow\">\n<h4 class=\"wp-block-heading has-text-align-center has-neve-link-hover-color-color has-text-color\" id=\"soyez-le-soulevement\">Sii tu il cambiamento che vuoi vedere nel mondo!\n(Mahatma Gandhi)<\/h4>\n\n\n\n<h2 class=\"wp-block-heading has-text-align-center\" id=\"types-d-adhesion\">Tipi di adesione<\/h2>\n\n\n\n<p class=\"has-text-align-center\"><strong>Con la tua adesione non solo sostieni finanziariamente HelvEthica Ticino nella difficile missione di cambiare le cose a livello politico, ma avrai anche dei vantaggi interessanti riguardanti le attivit\u00e0 che proponiamo.<\/strong><\/p>\n\n\n\n<p class=\"has-text-align-center has-neve-link-color-color has-text-color\"><strong>Desideri aderire a HelvEthica Ticino ma hai problemi finanziari? <a href=\"mailto:hello-ticino@helvethica.ch ?subject=ADESIONE \u2013 Cosa mi proponete dato che sono in difficolt\u00e0 finanziarie?\">Contattaci.<\/a>Troveremo insieme una soluzione! <\/strong><\/p>\n<\/div>\n<\/div>\n<\/div><\/div>\n\n\n\n<div class=\"wp-block-group\"><div class=\"wp-block-group__inner-container is-layout-flow wp-block-group-is-layout-flow\">\n<div class=\"wp-block-columns is-layout-flex wp-container-core-columns-is-layout-9d6595d7 wp-block-columns-is-layout-flex\">\n<div class=\"wp-block-column has-nv-light-bg-background-color has-background is-layout-flow wp-block-column-is-layout-flow\">\n<h5 class=\"wp-block-heading\" id=\"membre-individuelchf-100\">Membro individuale<br>CHF 100.-<\/h5>\n\n\n\n<p>La quota associativa \u00e8 valida 1 anno a partire dalla data del pagamento. <strong>Ti d\u00e0 il diritto di votare nel nostro sistema di voto elettronico interno*<\/strong>e ti permette, se lo desideri, di essere coinvolto attivamente nei nostri gruppi di lavoro <strong>(Cellule Partecipative).<\/strong>.&nbsp;<\/p>\n\n\n\n<p>Par ailleurs, elle vous donnera la<strong> corsi di sensibilizzazione civica* a prezzo ridotto, <\/strong>che ti permetteranno di prendere coscienza dei tuoi diritti costituzionali.<\/p>\n\n\n\n<div class=\"wp-block-buttons is-layout-flex wp-block-buttons-is-layout-flex\">\n<div class=\"wp-block-button is-style-primary\"><a class=\"wp-block-button__link has-nv-light-bg-color has-nv-c-2-background-color has-text-color has-background wp-element-button\" href=\"https:\/\/helvethica.ch\/wp-content\/uploads\/2022\/09\/03.1-Formulaire-dinscription-a-Helvethica-Ticino-IT-1.pdf\" target=\"_blank\" rel=\"noreferrer noopener\">Adesione<\/a><\/div>\n<\/div>\n\n\n\n<p>* <em>*in fase di realizzazione<\/em><\/p>\n<\/div>\n\n\n\n<div class=\"wp-block-column has-nv-light-bg-background-color has-background is-layout-flow wp-block-column-is-layout-flow\">\n<h5 class=\"wp-block-heading\" id=\"block-f41b832c-ee55-47ac-b99d-6798108f3c9b\">Studente; AVS; AI; senza reddito<br>CHF50.-<\/h5>\n\n\n\n<p>La quota associativa \u00e8 valida 1 anno a partire dalla data del pagamento. <strong>Ti d\u00e0 il diritto di votare nel nostro sistema di voto elettronico interno*<\/strong> e ti permette, se lo desideri, di essere coinvolto attivamente nei nostri gruppi di lavoro <strong>(Cellule Partecipative).&nbsp;<\/strong><\/p>\n\n\n\n<p>Par ailleurs, elle vous donnera d\u00e8s leur finalisation la<strong> corsi di sensibilizzazione civica* gratuitamente,<\/strong>\u00a0che ti permetteranno di prendere coscienza dei tuoi diritti costituzionali.<\/p>\n\n\n\n<div class=\"wp-block-buttons is-layout-flex wp-block-buttons-is-layout-flex\">\n<div class=\"wp-block-button is-style-primary\"><a class=\"wp-block-button__link has-nv-light-bg-color has-nv-c-2-background-color has-text-color has-background wp-element-button\" href=\"https:\/\/helvethica.ch\/wp-content\/uploads\/2022\/09\/03.1-Formulaire-dinscription-a-Helvethica-Ticino-IT-1.pdf\" target=\"_blank\" rel=\"noreferrer noopener\">Adesione<\/a><\/div>\n<\/div>\n\n\n\n<p>* <em>*in fase di realizzazione<\/em><\/p>\n<\/div>\n<\/div>\n\n\n\n<div class=\"wp-block-columns is-layout-flex wp-container-core-columns-is-layout-9d6595d7 wp-block-columns-is-layout-flex\">\n<div class=\"wp-block-column has-nv-light-bg-background-color has-background is-layout-flow wp-block-column-is-layout-flow\">\n<h5 class=\"wp-block-heading\" id=\"membre-de-soutienchf-250\">Membro sostenitore<br>CHF 250.-<\/h5>\n\n\n\n<p>Idem come per l\u2019'iscrizione individuale...<\/p>\n\n\n\n<p>Avec en plus, d\u00e8s leur cr\u00e9ation, la <strong>gratuit\u00e9 des cours\u00a0d\u2019\u00e9veil au civisme<\/strong>che ti permetteranno di prendere coscienza dei tuoi diritti costituzionali e potrai beneficiare di uno <strong>sconto del 10%<\/strong> u tutte le attivit\u00e0 a pagamento offerte da HelvEthica Ticino (conferenze, formazione, merchandising, eventi culturali, libri, ecc.)\u00a0\u00a0<\/p>\n\n\n\n<div class=\"wp-block-buttons is-layout-flex wp-block-buttons-is-layout-flex\">\n<div class=\"wp-block-button is-style-secondary\"><a class=\"wp-block-button__link has-nv-light-bg-color has-nv-c-2-background-color has-text-color has-background wp-element-button\" href=\"https:\/\/helvethica.payrexx.com\/pay?tid=7740f2fc\" target=\"_blank\" rel=\"noreferrer noopener\">Adesione<\/a><\/div>\n<\/div>\n\n\n\n<p>* <em>*in fase di realizzazione&nbsp;<\/em><\/p>\n<\/div>\n\n\n\n<div class=\"wp-block-column has-nv-light-bg-background-color has-background is-layout-flow wp-block-column-is-layout-flow\">\n<h5 class=\"wp-block-heading\" id=\"membre-entreprisedes-chf-750\">Membro aziendale<br>a partire da CHF 750.00<\/h5>\n\n\n\n<p>+CHF 20,00 per dipendente.<\/p>\n\n\n\n<p><strong>IMPORTANTE: l'azienda deve impegnarsi a rispettare la Charta e a condividere i valori di HelvEthica.<\/strong>.<\/p>\n\n\n\n<p>Il firmatario diventa automaticamente \"Membro sostenitore\".<\/p>\n\n\n\n<p><strong>L'azienda \u00e8 presente nell'elenco delle aziende partner**<\/strong>che HelvEthica raccomanda ai propri soci.<\/p>\n\n\n\n<div class=\"wp-block-buttons is-layout-flex wp-block-buttons-is-layout-flex\">\n<div class=\"wp-block-button is-style-secondary\"><a class=\"wp-block-button__link has-nv-light-bg-color has-nv-c-2-background-color has-text-color has-background wp-element-button\" href=\"https:\/\/helvethica.payrexx.com\/pay?tid=e6683a05\" target=\"_blank\" rel=\"noreferrer noopener\">Adesione<\/a><\/div>\n<\/div>\n\n\n\n<p>**&nbsp;<em>*in fase di realizzazione<\/em><\/p>\n<\/div>\n<\/div>\n<\/div><\/div>\n\n\n\n<div class=\"wp-block-group\"><div class=\"wp-block-group__inner-container is-layout-flow wp-block-group-is-layout-flow\">\n<div class=\"wp-block-columns is-layout-flex wp-container-core-columns-is-layout-9d6595d7 wp-block-columns-is-layout-flex\">\n<div class=\"wp-block-column is-layout-flow wp-block-column-is-layout-flow\" style=\"flex-basis:100%\">\n<hr>\n\n\n\n<h4 class=\"wp-block-heading has-neve-link-hover-color-color has-text-color\" id=\"soyez-le-changement\">Sii tu il cambiamento che vuoi vedere nel mondo!\n(Mahatma Gandhi)<\/h4>\n\n\n\n<h2 class=\"wp-block-heading\" id=\"conditions-d-adhesion\">Condizioni d\u2019adesione<\/h2>\n\n\n\n<p>L\u2019adesione ha la validit\u00e0 di un (1) anno a partire dalla data di ricezione del tuo versamento. In seguito, si rinnova tacitamente di anno in anno. Secondo l\u2019Art. 7 degli Statuti di HelvEthica Ticino, la cessazione dev\u2019essere effettuata inoltrando per iscritto le dimissioni al Comitato associativo con un preavviso di sei (6) mesi dalla fine di un esercizio finanziario (art.70 al 2. CC). Ogni membro si impegna a rispettare la Charta e i valori di HelvEthica Ticino. Onde evitare conflitti d\u2019interesse di qualsiasi genere, ogni membro si impegna a non aderire ad organizzazioni che difendono posizioni contrarie ai diritti costituzionali.\n\nA ogni membro di HelvEthica Ticino viene chiesto di essere:<\/p>\n\n\n\n<ul class=\"wp-block-list\">\n<li>Rispettoso della dignit\u00e0 di tutti<\/li>\n\n\n\n<li>Incisivo e determinato<\/li>\n\n\n\n<li>Non violento nelle parole e nelle azioni<\/li>\n\n\n\n<li>Responsabile e guidato dal buon senso<\/li>\n\n\n\n<li>Risolutamente aperto e democratico<\/li>\n<\/ul>\n<\/div>\n<\/div>\n<\/div><\/div>","protected":false},"excerpt":{"rendered":"<p>Un Mouvement politique sans membres ne sert \u00e0 rien. Il nous faut une masse importante de personnes partageant nos valeurs pour pouvoir nous faire entendre, nous faire respecter et pouvoir pr\u00e9tendre aboutir \u00e0 des changements dignes de ce nom\u2026 Soyez Le soul\u00e8vement! Types d&rsquo;adh\u00e9sion Par votre adh\u00e9sion, vous soutenez financi\u00e8rement HelvEthica dans sa mission de&hellip;&nbsp;<a href=\"https:\/\/helvethica.ch\/it\/devenir-membre\/\" rel=\"bookmark\">Leggi tutto &raquo;<span class=\"screen-reader-text\">Perch\u00e9 aderire a HelvEthica Ticino?<\/span><\/a><\/p>","protected":false},"author":3,"featured_media":0,"parent":0,"menu_order":0,"comment_status":"closed","ping_status":"closed","template":"","meta":{"neve_meta_sidebar":"default","neve_meta_container":"contained","neve_meta_enable_content_width":"off","neve_meta_content_width":70,"neve_meta_title_alignment":"left","neve_meta_author_avatar":"","neve_post_elements_order":"","neve_meta_disable_header":"","neve_meta_disable_footer":"","neve_meta_disable_title":"off","footnotes":""},"class_list":["post-28868","page","type-page","status-publish","hentry"],"_links":{"self":[{"href":"https:\/\/helvethica.ch\/it\/wp-json\/wp\/v2\/pages\/28868","targetHints":{"allow":["GET"]}}],"collection":[{"href":"https:\/\/helvethica.ch\/it\/wp-json\/wp\/v2\/pages"}],"about":[{"href":"https:\/\/helvethica.ch\/it\/wp-json\/wp\/v2\/types\/page"}],"author":[{"embeddable":true,"href":"https:\/\/helvethica.ch\/it\/wp-json\/wp\/v2\/users\/3"}],"replies":[{"embeddable":true,"href":"https:\/\/helvethica.ch\/it\/wp-json\/wp\/v2\/comments?post=28868"}],"version-history":[{"count":13,"href":"https:\/\/helvethica.ch\/it\/wp-json\/wp\/v2\/pages\/28868\/revisions"}],"predecessor-version":[{"id":29426,"href":"https:\/\/helvethica.ch\/it\/wp-json\/wp\/v2\/pages\/28868\/revisions\/29426"}],"wp:attachment":[{"href":"https:\/\/helvethica.ch\/it\/wp-json\/wp\/v2\/media?parent=28868"}],"curies":[{"name":"wp","href":"https:\/\/api.w.org\/{rel}","templated":true}]}}