{"id":36,"date":"2017-02-16T09:13:19","date_gmt":"2017-02-16T08:13:19","guid":{"rendered":"http:\/\/mxajfmgl.preview.infomaniak.website\/?page_id=36"},"modified":"2025-03-16T11:19:39","modified_gmt":"2025-03-16T10:19:39","slug":"home","status":"publish","type":"page","link":"https:\/\/helvethica.ch\/it\/","title":{"rendered":"Un nouvel humanisme"},"content":{"rendered":"<div class=\"wp-block-image\">\n<figure class=\"aligncenter size-full\"><img loading=\"lazy\" decoding=\"async\" width=\"999\" height=\"495\" src=\"https:\/\/helvethica.ch\/wp-content\/uploads\/2022\/02\/l_humain_d_abord_1000.png\" alt=\"\" class=\"wp-image-28847\" srcset=\"https:\/\/helvethica.ch\/wp-content\/uploads\/2022\/02\/l_humain_d_abord_1000.png 999w, https:\/\/helvethica.ch\/wp-content\/uploads\/2022\/02\/l_humain_d_abord_1000-300x149.png 300w, https:\/\/helvethica.ch\/wp-content\/uploads\/2022\/02\/l_humain_d_abord_1000-768x381.png 768w\" sizes=\"auto, (max-width: 999px) 100vw, 999px\" \/><\/figure>\n<\/div>\n\n\n<div style=\"height:30px\" aria-hidden=\"true\" class=\"wp-block-spacer\"><\/div>\n\n\n\n<div class=\"wp-block-buttons alignfull is-horizontal is-content-justification-center is-layout-flex wp-container-core-buttons-is-layout-937ffba9 wp-block-buttons-is-layout-flex\">\n<div class=\"wp-block-button has-custom-width wp-block-button__width-25 has-custom-font-size is-style-default has-small-font-size\"><a class=\"wp-block-button__link has-nv-light-bg-color has-neve-link-color-background-color has-text-color has-background wp-element-button\" href=\"https:\/\/helvethica.ch\/it\/devenir-membre\/\" style=\"border-radius:10px\">Diventare membro<\/a><\/div>\n\n\n\n<div class=\"wp-block-button has-custom-width wp-block-button__width-25 has-custom-font-size is-style-default has-small-font-size\"><a class=\"wp-block-button__link has-nv-light-bg-color has-neve-link-color-background-color has-text-color has-background wp-element-button\" href=\"https:\/\/helvethica.ch\/it\/faire-un-don\/\" style=\"border-radius:10px\">Fare una donazione<\/a><\/div>\n<\/div>\n\n\n\n<div style=\"height:40px\" aria-hidden=\"true\" class=\"wp-block-spacer\"><\/div>\n\n\n\n<p class=\"has-text-align-center has-medium-font-size\" id=\"nous-defendons-des-droits-pas-des-interets-ni-gauche-ni-droite-ni-centre-nous-sommes-de-tous-les-horizons-et-nous-y-resterons\"><strong>Noi difendiamo i diritti, non gli interessi!<\/strong><br>n\u00e9 sinistra, n\u00e9 destra, n\u00e9 centro \u2013 siamo trasversali e tali resteremo!<\/p>\n\n\n\n<div style=\"height:120px\" aria-hidden=\"true\" class=\"wp-block-spacer\"><\/div>\n\n\n\n<div class=\"wp-block-group\"><div class=\"wp-block-group__inner-container is-layout-flow wp-block-group-is-layout-flow\">\n<h2 class=\"wp-block-heading\" id=\"une-merveilleuse-aventure-dont-nous-nous-serions-bien-passes\">Un'avventura meravigliosa di cui avremmo potuto fare a meno...<\/h2>\n\n\n\n<hr>\n\n\n\n<div class=\"wp-block-columns is-layout-flex wp-container-core-columns-is-layout-9d6595d7 wp-block-columns-is-layout-flex\">\n<div class=\"wp-block-column is-layout-flow wp-block-column-is-layout-flow\"><div class=\"wp-block-image\">\n<figure class=\"aligncenter size-large\"><img loading=\"lazy\" decoding=\"async\" width=\"1024\" height=\"689\" src=\"https:\/\/helvethica.ch\/wp-content\/uploads\/2022\/09\/Logo-HelvEthica-Ticino-scaled.jpg\" alt=\"\" class=\"wp-image-29038\" srcset=\"https:\/\/helvethica.ch\/wp-content\/uploads\/2022\/09\/Logo-HelvEthica-Ticino-scaled.jpg 2560w, https:\/\/helvethica.ch\/wp-content\/uploads\/2022\/09\/Logo-HelvEthica-Ticino-300x227.jpg 300w, https:\/\/helvethica.ch\/wp-content\/uploads\/2022\/09\/Logo-HelvEthica-Ticino-1024x774.jpg 1024w, https:\/\/helvethica.ch\/wp-content\/uploads\/2022\/09\/Logo-HelvEthica-Ticino-768x580.jpg 768w, https:\/\/helvethica.ch\/wp-content\/uploads\/2022\/09\/Logo-HelvEthica-Ticino-1536x1161.jpg 1536w, https:\/\/helvethica.ch\/wp-content\/uploads\/2022\/09\/Logo-HelvEthica-Ticino-2048x1548.jpg 2048w, https:\/\/helvethica.ch\/wp-content\/uploads\/2022\/09\/Logo-HelvEthica-Ticino-16x12.jpg 16w\" sizes=\"auto, (max-width: 1024px) 100vw, 1024px\" \/><\/figure>\n<\/div><\/div>\n\n\n\n<div class=\"wp-block-column is-layout-flow wp-block-column-is-layout-flow\">\n<h3 class=\"wp-block-heading\" id=\"une-aventure-profondement-humaine\">Un\u2019avventura profondamente umana<\/h3>\n\n\n\n<p>Grazie a tutto quello che \u00e8 appena successo e a quello che ci aspetta, abbiamo ora l'opportunit\u00e0 di riprendere coscienza del vero significato della parola \"umanit\u00e0\".<\/p>\n\n\n\n<p>Avremmo potuto fare a meno di questa avventura ma alla fine diciamo: grazie! Grazie, perch\u00e9 \u00e8 ora di riprendere coscienza della nostra sovranit\u00e0 di cittadini e di agire insieme per farci sentire e rispettare!\n\u00c8 un'opportunit\u00e0 da cogliere al volo!<\/p>\n\n\n\n<p><strong>HelvEthica si impegna a rappresentare veramente il popolo e rifiuta qualsiasi compromesso o conflitto di interessi.<\/strong><\/p>\n\n\n\n<div class=\"wp-block-buttons alignwide is-content-justification-center is-layout-flex wp-container-core-buttons-is-layout-16018d1d wp-block-buttons-is-layout-flex\">\n<div class=\"wp-block-button is-style-primary\"><a class=\"wp-block-button__link wp-element-button\" href=\"https:\/\/helvethica.ch\/it\/comment-participer\/\">Come partecipare<\/a><\/div>\n<\/div>\n<\/div>\n<\/div>\n<\/div><\/div>\n\n\n\n<div style=\"height:150px\" aria-hidden=\"true\" class=\"wp-block-spacer\"><\/div>\n\n\n\n<div class=\"wp-block-group\"><div class=\"wp-block-group__inner-container is-layout-flow wp-block-group-is-layout-flow\">\n<h2 class=\"wp-block-heading\" id=\"et-maintenant-que-voulons-nous-faire\">E ora, che vogliamo fare?<\/h2>\n\n\n\n<hr>\n\n\n\n<div class=\"wp-block-columns is-layout-flex wp-container-core-columns-is-layout-9d6595d7 wp-block-columns-is-layout-flex\">\n<div class=\"wp-block-column is-layout-flow wp-block-column-is-layout-flow\"><div class=\"wp-block-image\">\n<figure class=\"aligncenter size-full\"><img loading=\"lazy\" decoding=\"async\" width=\"1000\" height=\"667\" src=\"https:\/\/helvethica.ch\/wp-content\/uploads\/2022\/02\/Sand-dune-min.jpg\" alt=\"\" class=\"wp-image-28893\" srcset=\"https:\/\/helvethica.ch\/wp-content\/uploads\/2022\/02\/Sand-dune-min.jpg 1000w, https:\/\/helvethica.ch\/wp-content\/uploads\/2022\/02\/Sand-dune-min-300x200.jpg 300w, https:\/\/helvethica.ch\/wp-content\/uploads\/2022\/02\/Sand-dune-min-768x512.jpg 768w, https:\/\/helvethica.ch\/wp-content\/uploads\/2022\/02\/Sand-dune-min-930x620.jpg 930w\" sizes=\"auto, (max-width: 1000px) 100vw, 1000px\" \/><\/figure>\n<\/div><\/div>\n\n\n\n<div class=\"wp-block-column is-layout-flow wp-block-column-is-layout-flow\">\n<h3 class=\"wp-block-heading\" id=\"agir-est-la-seule-option\">Agire \u00e8 l'unica opzione!<\/h3>\n\n\n\n<p>Lamentarsi, esprimere rabbia e frustrazione \u00e8 comprensibile... Ma non aiuta ad andare avanti e a cambiare le cose! <strong>\u00c8 giunto il momento di informarsi, di impegnarsi e di agire.<\/strong>.<\/p>\n\n\n\n<p><strong>Non ci arrenderemo mai!&nbsp;<\/strong>Se tutti le potenzialit\u00e0 si uniscono e si sommano, ne risulter\u00e0 una forza magistrale!<\/p>\n\n\n\n<p><em>I piccoli granelli di sabbia sparsi possono sembrare poca cosa. Ma quando la tempesta li riunisce in un'unica duna, nessuno pu\u00f2 fermarla!<\/em><\/p>\n\n\n\n<p><em>Da soli, siamo granelli di sabbia. Insieme siamo una duna!<\/em><\/p>\n\n\n\n<div class=\"wp-block-buttons alignwide is-content-justification-center is-layout-flex wp-container-core-buttons-is-layout-16018d1d wp-block-buttons-is-layout-flex\">\n<div class=\"wp-block-button is-style-default\"><a class=\"wp-block-button__link has-neve-link-color-background-color has-background wp-element-button\" href=\"https:\/\/helvethica.ch\/it\/le-pouvoir\/\">Il Potere...<\/a><\/div>\n<\/div>\n<\/div>\n<\/div>\n<\/div><\/div>\n\n\n\n<div style=\"height:150px\" aria-hidden=\"true\" class=\"wp-block-spacer\"><\/div>\n\n\n\n<div class=\"wp-block-group\"><div class=\"wp-block-group__inner-container is-layout-flow wp-block-group-is-layout-flow\">\n<h2 class=\"wp-block-heading\" id=\"politiquement-votre\">Politicamente vostro!<\/h2>\n\n\n\n<hr>\n\n\n\n<div class=\"wp-block-columns is-layout-flex wp-container-core-columns-is-layout-9d6595d7 wp-block-columns-is-layout-flex\">\n<div class=\"wp-block-column is-layout-flow wp-block-column-is-layout-flow\"><div class=\"wp-block-image\">\n<figure class=\"aligncenter size-large\"><img loading=\"lazy\" decoding=\"async\" width=\"1024\" height=\"640\" src=\"https:\/\/helvethica.ch\/wp-content\/uploads\/2022\/02\/Politique-1024x640.jpg\" alt=\"\" class=\"wp-image-28927\" srcset=\"https:\/\/helvethica.ch\/wp-content\/uploads\/2022\/02\/Politique-1024x640.jpg 1024w, https:\/\/helvethica.ch\/wp-content\/uploads\/2022\/02\/Politique-300x188.jpg 300w, https:\/\/helvethica.ch\/wp-content\/uploads\/2022\/02\/Politique-768x480.jpg 768w, https:\/\/helvethica.ch\/wp-content\/uploads\/2022\/02\/Politique.jpg 1400w\" sizes=\"auto, (max-width: 1024px) 100vw, 1024px\" \/><\/figure>\n<\/div><\/div>\n\n\n\n<div class=\"wp-block-column is-layout-flow wp-block-column-is-layout-flow\">\n<h3 class=\"wp-block-heading\" id=\"ne-me-parlez-pas-de-politique\">Non parlatemi di politica!<\/h3>\n\n\n\n<p>Per molti, la politica significa difendere degli interessi.&nbsp;<strong>P<\/strong><strong>er noi significa difendere i diritti! Qui sta la differenza.&nbsp;<\/strong><strong>&nbsp;<\/strong><\/p>\n\n\n\n<p><strong>La politica \u00e8 utile e giustificata per gestire un Paese.&nbsp;<\/strong><strong>Ci\u00f2 che rende il tutto cos\u00ec nauseante sono coloro che se ne approfittano per trarne un vantaggio personale. Finch\u00e9 ci saranno i noti conflitti di interesse, non saranno i cittadini a essere difesi, ma gli interessi di chi tira le fila delle lobby.&nbsp;<\/strong><strong>&nbsp;<\/strong><\/p>\n\n\n\n<p>Il problema non \u00e8 il sistema in s\u00e9, ma coloro che ne fanno parte e ci\u00f2 che gli \u00e8 permesso di fare! A meno che non lo si distrugga, non si pu\u00f2 cambiare un sistema dall'esterno. Con persone perfettamente integrate nel sistema, \u00e8 possibile!<\/p>\n\n\n\n<p><strong>N\u00e9 sinistra, n\u00e9 destra, n\u00e9 centro! Difendiamo i diritti fondamentali di tutti gli esseri umani, rimanendo ben al di sopra delle divisioni partitiche.<\/strong><\/p>\n\n\n\n<div class=\"wp-block-buttons alignwide is-content-justification-center is-layout-flex wp-container-core-buttons-is-layout-16018d1d wp-block-buttons-is-layout-flex\">\n<div class=\"wp-block-button is-style-primary\"><a class=\"wp-block-button__link wp-element-button\" href=\"https:\/\/helvethica.ch\/it\/%f0%9f%96%90-difference-01\/\">Semplicemente diverso...<\/a><\/div>\n<\/div>\n<\/div>\n<\/div>\n<\/div><\/div>\n\n\n\n<div style=\"height:150px\" aria-hidden=\"true\" class=\"wp-block-spacer\"><\/div>\n\n\n\n<div class=\"wp-block-group\"><div class=\"wp-block-group__inner-container is-layout-flow wp-block-group-is-layout-flow\">\n<h2 class=\"wp-block-heading\" id=\"soyons-unis\">Uniamoci!<\/h2>\n\n\n\n<hr>\n\n\n\n<div class=\"wp-block-columns is-layout-flex wp-container-core-columns-is-layout-9d6595d7 wp-block-columns-is-layout-flex\">\n<div class=\"wp-block-column is-layout-flow wp-block-column-is-layout-flow\"><div class=\"wp-block-image\">\n<figure class=\"aligncenter size-large\"><img loading=\"lazy\" decoding=\"async\" width=\"1024\" height=\"576\" src=\"https:\/\/helvethica.ch\/wp-content\/uploads\/2022\/02\/friends_helvetica_01-1024x576.jpg\" alt=\"\" class=\"wp-image-28930\" srcset=\"https:\/\/helvethica.ch\/wp-content\/uploads\/2022\/02\/friends_helvetica_01-1024x576.jpg 1024w, https:\/\/helvethica.ch\/wp-content\/uploads\/2022\/02\/friends_helvetica_01-300x169.jpg 300w, https:\/\/helvethica.ch\/wp-content\/uploads\/2022\/02\/friends_helvetica_01-768x432.jpg 768w, https:\/\/helvethica.ch\/wp-content\/uploads\/2022\/02\/friends_helvetica_01.jpg 1400w\" sizes=\"auto, (max-width: 1024px) 100vw, 1024px\" \/><\/figure>\n<\/div><\/div>\n\n\n\n<div class=\"wp-block-column is-layout-flow wp-block-column-is-layout-flow\">\n<h3 class=\"wp-block-heading\" id=\"retrouver-nos-droits-fondamentaux\">Rivendichiamo i nostri diritti fondamentali!<\/h3>\n\n\n\n<p>Siamo persone coraggiose e determinate. Persone oneste e rispettose. Una famiglia mista di persone di tutte le et\u00e0, di tutte le estrazioni sociali, politiche, culturali, sociali, regionali, linguistiche, generazionali.<\/p>\n\n\n\n<p>Crediamo nella democrazia e siamo orgogliosi del nostro sistema, unico al mondo, che d\u00e0 potere ai cittadini. Ma questo potere implica anche la responsabilit\u00e0 delle scelte che facciamo.<\/p>\n\n\n\n<p><strong>Siamo profondamente determinati a riconquistare i nostri diritti fondamentali. E l'unico modo per farlo rapidamente \u00e8 impegnandosi, nel rispetto dell'etica e della deontologia. Questa \u00e8 la missione di HelvEthica.&nbsp;<\/strong><\/p>\n\n\n\n<p>Unitevi a noi, numerose e numerosi! Solo la massa critica pu\u00f2 fare la differenza. Lavorare da soli, per proprio conto, non serve per essere ascoltati o rispettati.&nbsp;<\/p>\n\n\n\n<p>\u00c8 tempo di agire. <strong>Agire rapidamente e con veemenza!<\/strong><\/p>\n\n\n\n<div class=\"wp-block-buttons alignwide is-content-justification-center is-layout-flex wp-container-core-buttons-is-layout-16018d1d wp-block-buttons-is-layout-flex\">\n<div class=\"wp-block-button is-style-primary\"><a class=\"wp-block-button__link wp-element-button\" href=\"https:\/\/helvethica.ch\/it\/charte-helvethica\/\">La Charta di Helv<strong>Ethica<\/strong><\/a><\/div>\n<\/div>\n<\/div>\n<\/div>\n<\/div><\/div>","protected":false},"excerpt":{"rendered":"<p>Nous d\u00e9fendons des droits, pas des int\u00e9r\u00eats!Ni gauche, ni droite, ni centre \u2014 Nous sommes de tous les horizons et nous y resterons! Une merveilleuse aventure dont nous nous serions bien pass\u00e9s&#8230; Une aventure profond\u00e9ment humaine! Gr\u00e2ce \u00e0 tout ce qui vient de se passer et \u00e0 tout ce qui nous attend, nous avons maintenant&hellip;&nbsp;<a href=\"https:\/\/helvethica.ch\/it\/\" rel=\"bookmark\">Leggi tutto &raquo;<span class=\"screen-reader-text\">Un nouvel humanisme<\/span><\/a><\/p>","protected":false},"author":3,"featured_media":29113,"parent":0,"menu_order":0,"comment_status":"closed","ping_status":"closed","template":"","meta":{"neve_meta_sidebar":"","neve_meta_container":"default","neve_meta_enable_content_width":"on","neve_meta_content_width":95,"neve_meta_title_alignment":"center","neve_meta_author_avatar":"","neve_post_elements_order":"","neve_meta_disable_header":"","neve_meta_disable_footer":"","neve_meta_disable_title":"on","footnotes":""},"class_list":["post-36","page","type-page","status-publish","has-post-thumbnail","hentry"],"_links":{"self":[{"href":"https:\/\/helvethica.ch\/it\/wp-json\/wp\/v2\/pages\/36","targetHints":{"allow":["GET"]}}],"collection":[{"href":"https:\/\/helvethica.ch\/it\/wp-json\/wp\/v2\/pages"}],"about":[{"href":"https:\/\/helvethica.ch\/it\/wp-json\/wp\/v2\/types\/page"}],"author":[{"embeddable":true,"href":"https:\/\/helvethica.ch\/it\/wp-json\/wp\/v2\/users\/3"}],"replies":[{"embeddable":true,"href":"https:\/\/helvethica.ch\/it\/wp-json\/wp\/v2\/comments?post=36"}],"version-history":[{"count":48,"href":"https:\/\/helvethica.ch\/it\/wp-json\/wp\/v2\/pages\/36\/revisions"}],"predecessor-version":[{"id":29509,"href":"https:\/\/helvethica.ch\/it\/wp-json\/wp\/v2\/pages\/36\/revisions\/29509"}],"wp:featuredmedia":[{"embeddable":true,"href":"https:\/\/helvethica.ch\/it\/wp-json\/wp\/v2\/media\/29113"}],"wp:attachment":[{"href":"https:\/\/helvethica.ch\/it\/wp-json\/wp\/v2\/media?parent=36"}],"curies":[{"name":"wp","href":"https:\/\/api.w.org\/{rel}","templated":true}]}}